{"id":929,"date":"2024-01-20T21:17:52","date_gmt":"2024-01-20T20:17:52","guid":{"rendered":"https:\/\/cafecafejicin.cz\/cafe-cafe-jicin-english\/"},"modified":"2024-01-20T21:17:52","modified_gmt":"2024-01-20T20:17:52","slug":"cafe-cafe-jicin-english","status":"publish","type":"page","link":"https:\/\/cafecafejicin.cz\/en\/cafe-cafe-jicin-english\/","title":{"rendered":"Caf\u00e9 Caf\u00e9 Ji\u010d\u00edn - English"},"content":{"rendered":"","protected":false},"excerpt":{"rendered":"","protected":false},"author":1,"featured_media":0,"parent":0,"menu_order":0,"comment_status":"closed","ping_status":"closed","template":"","meta":{"site-sidebar-layout":"default","site-content-layout":"","ast-site-content-layout":"","site-content-style":"default","site-sidebar-style":"default","ast-global-header-display":"","ast-banner-title-visibility":"","ast-main-header-display":"","ast-hfb-above-header-display":"","ast-hfb-below-header-display":"","ast-hfb-mobile-header-display":"","site-post-title":"","ast-breadcrumbs-content":"","ast-featured-img":"","footer-sml-layout":"","theme-transparent-header-meta":"","adv-header-id-meta":"","stick-header-meta":"","header-above-stick-meta":"","header-main-stick-meta":"","header-below-stick-meta":"","astra-migrate-meta-layouts":"default","ast-page-background-enabled":"default","ast-page-background-meta":{"desktop":{"background-color":"","background-image":"","background-repeat":"repeat","background-position":"center center","background-size":"auto","background-attachment":"scroll","background-type":"","background-media":"","overlay-type":"","overlay-color":"","overlay-opacity":"","overlay-gradient":""},"tablet":{"background-color":"","background-image":"","background-repeat":"repeat","background-position":"center center","background-size":"auto","background-attachment":"scroll","background-type":"","background-media":"","overlay-type":"","overlay-color":"","overlay-opacity":"","overlay-gradient":""},"mobile":{"background-color":"","background-image":"","background-repeat":"repeat","background-position":"center center","background-size":"auto","background-attachment":"scroll","background-type":"","background-media":"","overlay-type":"","overlay-color":"","overlay-opacity":"","overlay-gradient":""}},"ast-content-background-meta":{"desktop":{"background-color":"var(--ast-global-color-5)","background-image":"","background-repeat":"repeat","background-position":"center center","background-size":"auto","background-attachment":"scroll","background-type":"","background-media":"","overlay-type":"","overlay-color":"","overlay-opacity":"","overlay-gradient":""},"tablet":{"background-color":"var(--ast-global-color-5)","background-image":"","background-repeat":"repeat","background-position":"center center","background-size":"auto","background-attachment":"scroll","background-type":"","background-media":"","overlay-type":"","overlay-color":"","overlay-opacity":"","overlay-gradient":""},"mobile":{"background-color":"var(--ast-global-color-5)","background-image":"","background-repeat":"repeat","background-position":"center center","background-size":"auto","background-attachment":"scroll","background-type":"","background-media":"","overlay-type":"","overlay-color":"","overlay-opacity":"","overlay-gradient":""}},"footnotes":""},"class_list":["post-929","page","type-page","status-publish","hentry"],"yoast_head":"<!-- This site is optimized with the Yoast SEO plugin v25.2 - https:\/\/yoast.com\/wordpress\/plugins\/seo\/ -->\n<title>Caf\u00e9 Caf\u00e9 Ji\u010d\u00edn - English - Caf\u00e9 Caf\u00e9 Ji\u010d\u00edn<\/title>\n<meta name=\"robots\" content=\"index, follow, max-snippet:-1, max-image-preview:large, max-video-preview:-1\" \/>\n<link rel=\"canonical\" href=\"https:\/\/cafecafejicin.cz\/en\/cafe-cafe-jicin-english\/\" \/>\n<meta property=\"og:locale\" content=\"en_GB\" \/>\n<meta property=\"og:type\" content=\"article\" \/>\n<meta property=\"og:title\" content=\"Caf\u00e9 Caf\u00e9 Ji\u010d\u00edn - English - Caf\u00e9 Caf\u00e9 Ji\u010d\u00edn\" \/>\n<meta property=\"og:url\" content=\"https:\/\/cafecafejicin.cz\/en\/cafe-cafe-jicin-english\/\" \/>\n<meta property=\"og:site_name\" content=\"Caf\u00e9 Caf\u00e9 Ji\u010d\u00edn\" \/>\n<meta property=\"og:image\" content=\"https:\/\/cafecafejicin.cz\/wp-content\/uploads\/2023\/02\/6G9A9628-1.jpg\" \/>\n\t<meta property=\"og:image:width\" content=\"1900\" \/>\n\t<meta property=\"og:image:height\" content=\"1266\" \/>\n\t<meta property=\"og:image:type\" content=\"image\/jpeg\" \/>\n<meta name=\"twitter:card\" content=\"summary_large_image\" \/>\n<script type=\"application\/ld+json\" class=\"yoast-schema-graph\">{\"@context\":\"https:\/\/schema.org\",\"@graph\":[{\"@type\":\"WebPage\",\"@id\":\"https:\/\/cafecafejicin.cz\/cafe-cafe-jicin-english\/\",\"url\":\"https:\/\/cafecafejicin.cz\/cafe-cafe-jicin-english\/\",\"name\":\"Caf\u00e9 Caf\u00e9 Ji\u010d\u00edn - English - Caf\u00e9 Caf\u00e9 Ji\u010d\u00edn\",\"isPartOf\":{\"@id\":\"https:\/\/cafecafejicin.cz\/#website\"},\"datePublished\":\"2024-01-20T20:17:52+00:00\",\"breadcrumb\":{\"@id\":\"https:\/\/cafecafejicin.cz\/cafe-cafe-jicin-english\/#breadcrumb\"},\"inLanguage\":\"en-GB\",\"potentialAction\":[{\"@type\":\"ReadAction\",\"target\":[\"https:\/\/cafecafejicin.cz\/cafe-cafe-jicin-english\/\"]}]},{\"@type\":\"BreadcrumbList\",\"@id\":\"https:\/\/cafecafejicin.cz\/cafe-cafe-jicin-english\/#breadcrumb\",\"itemListElement\":[{\"@type\":\"ListItem\",\"position\":1,\"name\":\"Dom\u016f\",\"item\":\"https:\/\/cafecafejicin.cz\/\"},{\"@type\":\"ListItem\",\"position\":2,\"name\":\"Caf\u00e9 Caf\u00e9 Ji\u010d\u00edn &#8211; English\"}]},{\"@type\":\"WebSite\",\"@id\":\"https:\/\/cafecafejicin.cz\/#website\",\"url\":\"https:\/\/cafecafejicin.cz\/\",\"name\":\"Caf\u00e9 Caf\u00e9 Ji\u010d\u00edn\",\"description\":\"Rodinn\u00e1 kav\u00e1rna s apartm\u00e1ny\",\"potentialAction\":[{\"@type\":\"SearchAction\",\"target\":{\"@type\":\"EntryPoint\",\"urlTemplate\":\"https:\/\/cafecafejicin.cz\/?s={search_term_string}\"},\"query-input\":{\"@type\":\"PropertyValueSpecification\",\"valueRequired\":true,\"valueName\":\"search_term_string\"}}],\"inLanguage\":\"en-GB\"}]}<\/script>\n<!-- \/ Yoast SEO plugin. -->","yoast_head_json":{"title":"Caf\u00e9 Caf\u00e9 Ji\u010d\u00edn - English - Caf\u00e9 Caf\u00e9 Ji\u010d\u00edn","robots":{"index":"index","follow":"follow","max-snippet":"max-snippet:-1","max-image-preview":"max-image-preview:large","max-video-preview":"max-video-preview:-1"},"canonical":"https:\/\/cafecafejicin.cz\/en\/cafe-cafe-jicin-english\/","og_locale":"en_GB","og_type":"article","og_title":"Caf\u00e9 Caf\u00e9 Ji\u010d\u00edn - English - Caf\u00e9 Caf\u00e9 Ji\u010d\u00edn","og_url":"https:\/\/cafecafejicin.cz\/en\/cafe-cafe-jicin-english\/","og_site_name":"Caf\u00e9 Caf\u00e9 Ji\u010d\u00edn","og_image":[{"width":1900,"height":1266,"url":"https:\/\/cafecafejicin.cz\/wp-content\/uploads\/2023\/02\/6G9A9628-1.jpg","type":"image\/jpeg"}],"twitter_card":"summary_large_image","schema":{"@context":"https:\/\/schema.org","@graph":[{"@type":"WebPage","@id":"https:\/\/cafecafejicin.cz\/cafe-cafe-jicin-english\/","url":"https:\/\/cafecafejicin.cz\/cafe-cafe-jicin-english\/","name":"Caf\u00e9 Caf\u00e9 Ji\u010d\u00edn - English - Caf\u00e9 Caf\u00e9 Ji\u010d\u00edn","isPartOf":{"@id":"https:\/\/cafecafejicin.cz\/#website"},"datePublished":"2024-01-20T20:17:52+00:00","breadcrumb":{"@id":"https:\/\/cafecafejicin.cz\/cafe-cafe-jicin-english\/#breadcrumb"},"inLanguage":"en-GB","potentialAction":[{"@type":"ReadAction","target":["https:\/\/cafecafejicin.cz\/cafe-cafe-jicin-english\/"]}]},{"@type":"BreadcrumbList","@id":"https:\/\/cafecafejicin.cz\/cafe-cafe-jicin-english\/#breadcrumb","itemListElement":[{"@type":"ListItem","position":1,"name":"Dom\u016f","item":"https:\/\/cafecafejicin.cz\/"},{"@type":"ListItem","position":2,"name":"Caf\u00e9 Caf\u00e9 Ji\u010d\u00edn &#8211; English"}]},{"@type":"WebSite","@id":"https:\/\/cafecafejicin.cz\/#website","url":"https:\/\/cafecafejicin.cz\/","name":"Caf\u00e9 Caf\u00e9 Ji\u010d\u00edn","description":"Rodinn\u00e1 kav\u00e1rna s apartm\u00e1ny","potentialAction":[{"@type":"SearchAction","target":{"@type":"EntryPoint","urlTemplate":"https:\/\/cafecafejicin.cz\/?s={search_term_string}"},"query-input":{"@type":"PropertyValueSpecification","valueRequired":true,"valueName":"search_term_string"}}],"inLanguage":"en-GB"}]}},"_links":{"self":[{"href":"https:\/\/cafecafejicin.cz\/en\/wp-json\/wp\/v2\/pages\/929","targetHints":{"allow":["GET"]}}],"collection":[{"href":"https:\/\/cafecafejicin.cz\/en\/wp-json\/wp\/v2\/pages"}],"about":[{"href":"https:\/\/cafecafejicin.cz\/en\/wp-json\/wp\/v2\/types\/page"}],"author":[{"embeddable":true,"href":"https:\/\/cafecafejicin.cz\/en\/wp-json\/wp\/v2\/users\/1"}],"replies":[{"embeddable":true,"href":"https:\/\/cafecafejicin.cz\/en\/wp-json\/wp\/v2\/comments?post=929"}],"version-history":[{"count":0,"href":"https:\/\/cafecafejicin.cz\/en\/wp-json\/wp\/v2\/pages\/929\/revisions"}],"wp:attachment":[{"href":"https:\/\/cafecafejicin.cz\/en\/wp-json\/wp\/v2\/media?parent=929"}],"curies":[{"name":"wp","href":"https:\/\/api.w.org\/{rel}","templated":true}]}}